{"id":635,"date":"2025-06-26T20:40:37","date_gmt":"2025-06-26T20:40:37","guid":{"rendered":"https:\/\/opticagranollers.com\/?page_id=635"},"modified":"2025-10-08T14:53:03","modified_gmt":"2025-10-08T12:53:03","slug":"politica-de-privadesa","status":"publish","type":"page","link":"https:\/\/opticagranollers.com\/es\/politica-de-privadesa\/","title":{"rendered":"Pol\u00edtica de Privacidad"},"content":{"rendered":"<div data-elementor-type=\"wp-page\" data-elementor-id=\"635\" class=\"elementor elementor-635\" data-elementor-post-type=\"page\">\n\t\t\t\t<div class=\"elementor-element elementor-element-515389e e-flex e-con-boxed e-con e-parent\" data-id=\"515389e\" data-element_type=\"container\" data-settings=\"{&quot;background_background&quot;:&quot;classic&quot;}\">\n\t\t\t\t\t<div class=\"e-con-inner\">\n\t\t\t\t<div class=\"elementor-element elementor-element-fffaeb8 elementor-icon-list--layout-inline elementor-align-center elementor-widget-mobile__width-initial elementor-list-item-link-full_width de_scroll_animation_no elementor-invisible elementor-widget elementor-widget-icon-list\" data-id=\"fffaeb8\" data-element_type=\"widget\" data-settings=\"{&quot;_animation&quot;:&quot;fadeIn&quot;,&quot;_animation_delay&quot;:200}\" data-widget_type=\"icon-list.default\">\n\t\t\t\t<div class=\"elementor-widget-container\">\n\t\t\t\t\t\t\t<ul class=\"elementor-icon-list-items elementor-inline-items\">\n\t\t\t\t\t\t\t<li class=\"elementor-icon-list-item elementor-inline-item\">\n\t\t\t\t\t\t\t\t\t\t<span class=\"elementor-icon-list-text\">LEGALES<\/span>\n\t\t\t\t\t\t\t\t\t<\/li>\n\t\t\t\t\t\t\t\t<li class=\"elementor-icon-list-item elementor-inline-item\">\n\t\t\t\t\t\t\t\t\t\t\t<span class=\"elementor-icon-list-icon\">\n\t\t\t\t\t\t\t<svg aria-hidden=\"true\" class=\"e-font-icon-svg e-fas-square-full\" viewbox=\"0 0 512 512\" xmlns=\"http:\/\/www.w3.org\/2000\/svg\"><path d=\"M512 512H0V0h512v512z\"><\/path><\/svg>\t\t\t\t\t\t<\/span>\n\t\t\t\t\t\t\t\t\t\t<span class=\"elementor-icon-list-text\">Pol\u00edtica de Privacidad<\/span>\n\t\t\t\t\t\t\t\t\t<\/li>\n\t\t\t\t\t\t<\/ul>\n\t\t\t\t\t\t<\/div>\n\t\t\t\t<\/div>\n\t\t\t\t<div class=\"elementor-element elementor-element-ce1ef4c de_scroll_animation_no elementor-invisible elementor-widget elementor-widget-heading\" data-id=\"ce1ef4c\" data-element_type=\"widget\" data-settings=\"{&quot;_animation&quot;:&quot;fadeIn&quot;}\" data-widget_type=\"heading.default\">\n\t\t\t\t<div class=\"elementor-widget-container\">\n\t\t\t\t\t<h1 class=\"elementor-heading-title elementor-size-default\">Pol\u00edtica de Privacidad<\/h1>\t\t\t\t<\/div>\n\t\t\t\t<\/div>\n\t\t\t\t\t<\/div>\n\t\t\t\t<\/div>\n\t\t<div class=\"elementor-element elementor-element-8c4efc7 e-flex e-con-boxed e-con e-parent\" data-id=\"8c4efc7\" data-element_type=\"container\">\n\t\t\t\t\t<div class=\"e-con-inner\">\n\t\t\t\t<div class=\"elementor-element elementor-element-dfb5299 de_scroll_animation_no elementor-widget elementor-widget-text-editor\" data-id=\"dfb5299\" data-element_type=\"widget\" data-widget_type=\"text-editor.default\">\n\t\t\t\t<div class=\"elementor-widget-container\">\n\t\t\t\t\t\t\t\t\t<p data-start=\"1169\" data-end=\"1476\">En cumplimiento del Reglamento (UE) 2016\/679 (RGPD) y de la Ley Org\u00e1nica 3\/2018 (LOPDGDD), le informamos que los datos personales facilitados a trav\u00e9s del sitio web ser\u00e1n tratados por <strong><b>OPTICA VALLPI, SL<\/b><\/strong> con el fin de gestionar las consultas, citas y comunicaciones comerciales relacionadas con nuestros servicios.<\/p><p data-start=\"1478\" data-end=\"1584\"><strong data-start=\"1478\" data-end=\"1499\">Datos recogidos:<\/strong><br data-start=\"1499\" data-end=\"1502\" \/>Nombre, tel\u00e9fono, correo electr\u00f3nico y otros datos facilitados a trav\u00e9s de formularios.<\/p><p data-start=\"1586\" data-end=\"1656\"><strong data-start=\"1586\" data-end=\"1602\">Legitimaci\u00f3n:<\/strong><br data-start=\"1602\" data-end=\"1605\" \/>Consentimiento del usuario al enviar sus datos.<\/p><p data-start=\"1658\" data-end=\"1782\"><strong data-start=\"1658\" data-end=\"1674\">Conservaci\u00f3n:<\/strong><br data-start=\"1674\" data-end=\"1677\" \/>Los datos se conservar\u00e1n mientras se mantenga la relaci\u00f3n comercial o durante los plazos exigidos por ley.<\/p><p data-start=\"1784\" data-end=\"1945\"><strong data-start=\"1784\" data-end=\"1794\">Derechos:<\/strong><br data-start=\"1794\" data-end=\"1797\" \/>Puede ejercer los derechos de acceso, rectificaci\u00f3n, supresi\u00f3n, limitaci\u00f3n, oposici\u00f3n y portabilidad mediante solicitud a <a href=\"mailto:info@opticagranollers.com\" target=\"_blank\" rel=\"noopener\">info@opticagranollers.com<\/a><\/p><p data-start=\"1947\" data-end=\"2031\">Para m\u00e1s informaci\u00f3n, puede contactar con nosotros en <a href=\"mailto:info@opticagranollers.com\" target=\"_blank\" rel=\"noopener\">info@opticagranollers.com<\/a><\/p><p><script src=\"chrome-extension:\/\/bincmiainjofjnhchmcalkanjebghoen\/aiscripts\/script-main.js\"><\/script><\/p><div id=\"ag-1751724585117\">\u00a0<\/div>\t\t\t\t\t\t\t\t<\/div>\n\t\t\t\t<\/div>\n\t\t\t\t\t<\/div>\n\t\t\t\t<\/div>\n\t\t\t\t<\/div>","protected":false},"excerpt":{"rendered":"<p>LEGALS En compliment del Reglament (UE) 2016\/679 (RGPD) i de la Llei Org\u00e0nica 3\/2018 (LOPDGDD), l\u2019informem que les dades personals [&hellip;]<\/p>","protected":false},"author":1,"featured_media":0,"parent":0,"menu_order":0,"comment_status":"closed","ping_status":"closed","template":"","meta":{"site-sidebar-layout":"no-sidebar","site-content-layout":"","ast-site-content-layout":"full-width-container","site-content-style":"default","site-sidebar-style":"default","ast-global-header-display":"","ast-banner-title-visibility":"","ast-main-header-display":"","ast-hfb-above-header-display":"","ast-hfb-below-header-display":"","ast-hfb-mobile-header-display":"","site-post-title":"disabled","ast-breadcrumbs-content":"","ast-featured-img":"disabled","footer-sml-layout":"","theme-transparent-header-meta":"","adv-header-id-meta":"","stick-header-meta":"","header-above-stick-meta":"","header-main-stick-meta":"","header-below-stick-meta":"","astra-migrate-meta-layouts":"default","ast-page-background-enabled":"default","ast-page-background-meta":{"desktop":{"background-color":"var(--ast-global-color-5)","background-image":"","background-repeat":"repeat","background-position":"center center","background-size":"auto","background-attachment":"scroll","background-type":"","background-media":"","overlay-type":"","overlay-color":"","overlay-opacity":"","overlay-gradient":""},"tablet":{"background-color":"","background-image":"","background-repeat":"repeat","background-position":"center center","background-size":"auto","background-attachment":"scroll","background-type":"","background-media":"","overlay-type":"","overlay-color":"","overlay-opacity":"","overlay-gradient":""},"mobile":{"background-color":"","background-image":"","background-repeat":"repeat","background-position":"center center","background-size":"auto","background-attachment":"scroll","background-type":"","background-media":"","overlay-type":"","overlay-color":"","overlay-opacity":"","overlay-gradient":""}},"ast-content-background-meta":{"desktop":{"background-color":"var(--ast-global-color-4)","background-image":"","background-repeat":"repeat","background-position":"center center","background-size":"auto","background-attachment":"scroll","background-type":"","background-media":"","overlay-type":"","overlay-color":"","overlay-opacity":"","overlay-gradient":""},"tablet":{"background-color":"var(--ast-global-color-4)","background-image":"","background-repeat":"repeat","background-position":"center center","background-size":"auto","background-attachment":"scroll","background-type":"","background-media":"","overlay-type":"","overlay-color":"","overlay-opacity":"","overlay-gradient":""},"mobile":{"background-color":"var(--ast-global-color-4)","background-image":"","background-repeat":"repeat","background-position":"center center","background-size":"auto","background-attachment":"scroll","background-type":"","background-media":"","overlay-type":"","overlay-color":"","overlay-opacity":"","overlay-gradient":""}},"_joinchat":[],"footnotes":""},"class_list":["post-635","page","type-page","status-publish","hentry"],"yoast_head":"<!-- This site is optimized with the Yoast SEO plugin v26.1.1 - https:\/\/yoast.com\/wordpress\/plugins\/seo\/ -->\n<title>Pol\u00edtica de Privadesa - \u00d2ptica Vallpi Granollers<\/title>\n<meta name=\"robots\" content=\"index, follow, max-snippet:-1, max-image-preview:large, max-video-preview:-1\" \/>\n<link rel=\"canonical\" href=\"https:\/\/opticagranollers.com\/es\/politica-de-privadesa\/\" \/>\n<meta property=\"og:locale\" content=\"es_ES\" \/>\n<meta property=\"og:type\" content=\"article\" \/>\n<meta property=\"og:title\" content=\"Pol\u00edtica de Privadesa - \u00d2ptica Vallpi Granollers\" \/>\n<meta property=\"og:description\" content=\"LEGALS En compliment del Reglament (UE) 2016\/679 (RGPD) i de la Llei Org\u00e0nica 3\/2018 (LOPDGDD), l\u2019informem que les dades personals [&hellip;]\" \/>\n<meta property=\"og:url\" content=\"https:\/\/opticagranollers.com\/es\/politica-de-privadesa\/\" \/>\n<meta property=\"og:site_name\" content=\"\u00d2ptica Vallpi Granollers\" \/>\n<meta property=\"article:modified_time\" content=\"2025-10-08T12:53:03+00:00\" \/>\n<meta name=\"twitter:card\" content=\"summary_large_image\" \/>\n<meta name=\"twitter:label1\" content=\"Tiempo de lectura\" \/>\n\t<meta name=\"twitter:data1\" content=\"1 minuto\" \/>\n<script type=\"application\/ld+json\" class=\"yoast-schema-graph\">{\"@context\":\"https:\/\/schema.org\",\"@graph\":[{\"@type\":\"WebPage\",\"@id\":\"https:\/\/opticagranollers.com\/politica-de-privadesa\/\",\"url\":\"https:\/\/opticagranollers.com\/politica-de-privadesa\/\",\"name\":\"Pol\u00edtica de Privadesa - \u00d2ptica Vallpi Granollers\",\"isPartOf\":{\"@id\":\"https:\/\/opticagranollers.com\/#website\"},\"datePublished\":\"2025-06-26T20:40:37+00:00\",\"dateModified\":\"2025-10-08T12:53:03+00:00\",\"breadcrumb\":{\"@id\":\"https:\/\/opticagranollers.com\/politica-de-privadesa\/#breadcrumb\"},\"inLanguage\":\"es\",\"potentialAction\":[{\"@type\":\"ReadAction\",\"target\":[\"https:\/\/opticagranollers.com\/politica-de-privadesa\/\"]}]},{\"@type\":\"BreadcrumbList\",\"@id\":\"https:\/\/opticagranollers.com\/politica-de-privadesa\/#breadcrumb\",\"itemListElement\":[{\"@type\":\"ListItem\",\"position\":1,\"name\":\"Portada\",\"item\":\"https:\/\/opticagranollers.com\/\"},{\"@type\":\"ListItem\",\"position\":2,\"name\":\"Pol\u00edtica de Privadesa\"}]},{\"@type\":\"WebSite\",\"@id\":\"https:\/\/opticagranollers.com\/#website\",\"url\":\"https:\/\/opticagranollers.com\/\",\"name\":\"\u00d2ptica Vallpi Granollers\",\"description\":\"Especialistes en Progressius\",\"publisher\":{\"@id\":\"https:\/\/opticagranollers.com\/#organization\"},\"potentialAction\":[{\"@type\":\"SearchAction\",\"target\":{\"@type\":\"EntryPoint\",\"urlTemplate\":\"https:\/\/opticagranollers.com\/?s={search_term_string}\"},\"query-input\":{\"@type\":\"PropertyValueSpecification\",\"valueRequired\":true,\"valueName\":\"search_term_string\"}}],\"inLanguage\":\"es\"},{\"@type\":\"Organization\",\"@id\":\"https:\/\/opticagranollers.com\/#organization\",\"name\":\"\u00d2ptica Vallpi Granollers\",\"url\":\"https:\/\/opticagranollers.com\/\",\"logo\":{\"@type\":\"ImageObject\",\"inLanguage\":\"es\",\"@id\":\"https:\/\/opticagranollers.com\/#\/schema\/logo\/image\/\",\"url\":\"https:\/\/opticagranollers.com\/wp-content\/uploads\/2025\/06\/cropped-optica-vallpi-logo.png\",\"contentUrl\":\"https:\/\/opticagranollers.com\/wp-content\/uploads\/2025\/06\/cropped-optica-vallpi-logo.png\",\"width\":452,\"height\":232,\"caption\":\"\u00d2ptica Vallpi Granollers\"},\"image\":{\"@id\":\"https:\/\/opticagranollers.com\/#\/schema\/logo\/image\/\"}}]}<\/script>\n<!-- \/ Yoast SEO plugin. -->","yoast_head_json":{"title":"Pol\u00edtica de Privadesa - \u00d2ptica Vallpi Granollers","robots":{"index":"index","follow":"follow","max-snippet":"max-snippet:-1","max-image-preview":"max-image-preview:large","max-video-preview":"max-video-preview:-1"},"canonical":"https:\/\/opticagranollers.com\/es\/politica-de-privadesa\/","og_locale":"es_ES","og_type":"article","og_title":"Pol\u00edtica de Privadesa - \u00d2ptica Vallpi Granollers","og_description":"LEGALS En compliment del Reglament (UE) 2016\/679 (RGPD) i de la Llei Org\u00e0nica 3\/2018 (LOPDGDD), l\u2019informem que les dades personals [&hellip;]","og_url":"https:\/\/opticagranollers.com\/es\/politica-de-privadesa\/","og_site_name":"\u00d2ptica Vallpi Granollers","article_modified_time":"2025-10-08T12:53:03+00:00","twitter_card":"summary_large_image","twitter_misc":{"Tiempo de lectura":"1 minuto"},"schema":{"@context":"https:\/\/schema.org","@graph":[{"@type":"WebPage","@id":"https:\/\/opticagranollers.com\/politica-de-privadesa\/","url":"https:\/\/opticagranollers.com\/politica-de-privadesa\/","name":"Pol\u00edtica de Privadesa - \u00d2ptica Vallpi Granollers","isPartOf":{"@id":"https:\/\/opticagranollers.com\/#website"},"datePublished":"2025-06-26T20:40:37+00:00","dateModified":"2025-10-08T12:53:03+00:00","breadcrumb":{"@id":"https:\/\/opticagranollers.com\/politica-de-privadesa\/#breadcrumb"},"inLanguage":"es","potentialAction":[{"@type":"ReadAction","target":["https:\/\/opticagranollers.com\/politica-de-privadesa\/"]}]},{"@type":"BreadcrumbList","@id":"https:\/\/opticagranollers.com\/politica-de-privadesa\/#breadcrumb","itemListElement":[{"@type":"ListItem","position":1,"name":"Portada","item":"https:\/\/opticagranollers.com\/"},{"@type":"ListItem","position":2,"name":"Pol\u00edtica de Privadesa"}]},{"@type":"WebSite","@id":"https:\/\/opticagranollers.com\/#website","url":"https:\/\/opticagranollers.com\/","name":"\u00d3ptica Vallpi Granollers","description":"Especialistas en Progresivos","publisher":{"@id":"https:\/\/opticagranollers.com\/#organization"},"potentialAction":[{"@type":"SearchAction","target":{"@type":"EntryPoint","urlTemplate":"https:\/\/opticagranollers.com\/?s={search_term_string}"},"query-input":{"@type":"PropertyValueSpecification","valueRequired":true,"valueName":"search_term_string"}}],"inLanguage":"es"},{"@type":"Organization","@id":"https:\/\/opticagranollers.com\/#organization","name":"\u00d3ptica Vallpi Granollers","url":"https:\/\/opticagranollers.com\/","logo":{"@type":"ImageObject","inLanguage":"es","@id":"https:\/\/opticagranollers.com\/#\/schema\/logo\/image\/","url":"https:\/\/opticagranollers.com\/wp-content\/uploads\/2025\/06\/cropped-optica-vallpi-logo.png","contentUrl":"https:\/\/opticagranollers.com\/wp-content\/uploads\/2025\/06\/cropped-optica-vallpi-logo.png","width":452,"height":232,"caption":"\u00d2ptica Vallpi Granollers"},"image":{"@id":"https:\/\/opticagranollers.com\/#\/schema\/logo\/image\/"}}]}},"_links":{"self":[{"href":"https:\/\/opticagranollers.com\/es\/wp-json\/wp\/v2\/pages\/635","targetHints":{"allow":["GET"]}}],"collection":[{"href":"https:\/\/opticagranollers.com\/es\/wp-json\/wp\/v2\/pages"}],"about":[{"href":"https:\/\/opticagranollers.com\/es\/wp-json\/wp\/v2\/types\/page"}],"author":[{"embeddable":true,"href":"https:\/\/opticagranollers.com\/es\/wp-json\/wp\/v2\/users\/1"}],"replies":[{"embeddable":true,"href":"https:\/\/opticagranollers.com\/es\/wp-json\/wp\/v2\/comments?post=635"}],"version-history":[{"count":10,"href":"https:\/\/opticagranollers.com\/es\/wp-json\/wp\/v2\/pages\/635\/revisions"}],"predecessor-version":[{"id":1713,"href":"https:\/\/opticagranollers.com\/es\/wp-json\/wp\/v2\/pages\/635\/revisions\/1713"}],"wp:attachment":[{"href":"https:\/\/opticagranollers.com\/es\/wp-json\/wp\/v2\/media?parent=635"}],"curies":[{"name":"wp","href":"https:\/\/api.w.org\/{rel}","templated":true}]}}