{"id":631,"date":"2025-06-26T20:40:09","date_gmt":"2025-06-26T20:40:09","guid":{"rendered":"https:\/\/opticagranollers.com\/?page_id=631"},"modified":"2025-10-08T14:52:53","modified_gmt":"2025-10-08T12:52:53","slug":"declaracio-daccessibilitat","status":"publish","type":"page","link":"https:\/\/opticagranollers.com\/es\/declaracio-daccessibilitat\/","title":{"rendered":"Declaraci\u00f3n de accesibilidad"},"content":{"rendered":"<div data-elementor-type=\"wp-page\" data-elementor-id=\"631\" class=\"elementor elementor-631\" data-elementor-post-type=\"page\">\n\t\t\t\t<div class=\"elementor-element elementor-element-d8a6b8c e-flex e-con-boxed e-con e-parent\" data-id=\"d8a6b8c\" data-element_type=\"container\" data-settings=\"{&quot;background_background&quot;:&quot;classic&quot;}\">\n\t\t\t\t\t<div class=\"e-con-inner\">\n\t\t\t\t<div class=\"elementor-element elementor-element-4476f3d elementor-icon-list--layout-inline elementor-align-center elementor-widget-mobile__width-initial elementor-list-item-link-full_width de_scroll_animation_no elementor-invisible elementor-widget elementor-widget-icon-list\" data-id=\"4476f3d\" data-element_type=\"widget\" data-settings=\"{&quot;_animation&quot;:&quot;fadeIn&quot;,&quot;_animation_delay&quot;:200}\" data-widget_type=\"icon-list.default\">\n\t\t\t\t<div class=\"elementor-widget-container\">\n\t\t\t\t\t\t\t<ul class=\"elementor-icon-list-items elementor-inline-items\">\n\t\t\t\t\t\t\t<li class=\"elementor-icon-list-item elementor-inline-item\">\n\t\t\t\t\t\t\t\t\t\t<span class=\"elementor-icon-list-text\">LEGALES<\/span>\n\t\t\t\t\t\t\t\t\t<\/li>\n\t\t\t\t\t\t\t\t<li class=\"elementor-icon-list-item elementor-inline-item\">\n\t\t\t\t\t\t\t\t\t\t\t<span class=\"elementor-icon-list-icon\">\n\t\t\t\t\t\t\t<svg aria-hidden=\"true\" class=\"e-font-icon-svg e-fas-square-full\" viewbox=\"0 0 512 512\" xmlns=\"http:\/\/www.w3.org\/2000\/svg\"><path d=\"M512 512H0V0h512v512z\"><\/path><\/svg>\t\t\t\t\t\t<\/span>\n\t\t\t\t\t\t\t\t\t\t<span class=\"elementor-icon-list-text\">Declaraci\u00f3n de accesibilidad<\/span>\n\t\t\t\t\t\t\t\t\t<\/li>\n\t\t\t\t\t\t<\/ul>\n\t\t\t\t\t\t<\/div>\n\t\t\t\t<\/div>\n\t\t\t\t<div class=\"elementor-element elementor-element-de18aa8 de_scroll_animation_no elementor-invisible elementor-widget elementor-widget-heading\" data-id=\"de18aa8\" data-element_type=\"widget\" data-settings=\"{&quot;_animation&quot;:&quot;fadeIn&quot;}\" data-widget_type=\"heading.default\">\n\t\t\t\t<div class=\"elementor-widget-container\">\n\t\t\t\t\t<h1 class=\"elementor-heading-title elementor-size-default\">Declaraci\u00f3n de accesibilidad<\/h1>\t\t\t\t<\/div>\n\t\t\t\t<\/div>\n\t\t\t\t\t<\/div>\n\t\t\t\t<\/div>\n\t\t<div class=\"elementor-element elementor-element-73c5e2b e-flex e-con-boxed e-con e-parent\" data-id=\"73c5e2b\" data-element_type=\"container\">\n\t\t\t\t\t<div class=\"e-con-inner\">\n\t\t\t\t<div class=\"elementor-element elementor-element-a435aa7 de_scroll_animation_no elementor-widget elementor-widget-text-editor\" data-id=\"a435aa7\" data-element_type=\"widget\" data-widget_type=\"text-editor.default\">\n\t\t\t\t<div class=\"elementor-widget-container\">\n\t\t\t\t\t\t\t\t\t<p><strong><b>OPTICA VALLPI, SL<\/b><\/strong> se compromete a hacer accesible su sitio web con arreglo al Real Decreto 1112\/2018, de 7 de septiembre, sobre accesibilidad de los sitios web y aplicaciones para dispositivos m\u00f3viles del sector p\u00fablico.<\/p><p><strong>Situaci\u00f3n de cumplimiento<\/strong><br \/>Este sitio web es parcialmente conforme al RD 1112\/2018 debido a las excepciones y la falta de conformidad de los siguientes aspectos.<\/p><p><strong>Contenido no accesible<\/strong><br \/>El contenido que se recoge a continuaci\u00f3n no es accesible por lo siguiente:<\/p><ul><li>Podr\u00edan existir algunas im\u00e1genes sin texto alternativo.<\/li><li>Podr\u00edan existir errores puntuales de etiquetado en enlaces.<\/li><li>Documentos en PDF publicados antes del [fecha] pueden no ser totalmente accesibles.<\/li><\/ul><p><strong>Preparaci\u00f3n de la presente declaraci\u00f3n de accesibilidad<\/strong><br \/>Esta declaraci\u00f3n se prepar\u00f3 el [fecha actual], utilizando una autoevaluaci\u00f3n realizada por el propio organismo.<\/p><p><strong>Observaciones y datos de contacto<\/strong><br \/>Puede realizar comunicaciones sobre requisitos de accesibilidad (art\u00edculo 10.2.a del RD 1112\/2018) como:<\/p><p>Informar sobre cualquier posible incumplimiento por parte de este sitio web.<\/p><p>Transmitir otras dificultades de acceso al contenido.<\/p><p>Formular cualquier otra consulta o sugerencia de mejora relativa a la accesibilidad del sitio web.<\/p><p>A trav\u00e9s del correo electr\u00f3nico: <a href=\"mailto:info@opticagranollers.com\" target=\"_blank\" rel=\"noopener\">info@opticagranollers.com<\/a><\/p><p><strong>Procedimiento de reclamaci\u00f3n<\/strong><br \/>Si despu\u00e9s de realizar una solicitud de informaci\u00f3n accesible o queja, \u00e9sta es desestimada, puede presentar una reclamaci\u00f3n de acuerdo con el art\u00edculo 13 del RD 1112\/2018.<\/p><p><script src=\"chrome-extension:\/\/bincmiainjofjnhchmcalkanjebghoen\/aiscripts\/script-main.js\"><\/script><\/p><div id=\"ag-1751724315509\">\u00a0<\/div>\t\t\t\t\t\t\t\t<\/div>\n\t\t\t\t<\/div>\n\t\t\t\t\t<\/div>\n\t\t\t\t<\/div>\n\t\t\t\t<\/div>","protected":false},"excerpt":{"rendered":"<p>LEGALS OPTICA VALLPI, SL es compromet a fer accessible el seu lloc web d&#8217;acord amb el Reial decret 1112\/2018, de [&hellip;]<\/p>","protected":false},"author":1,"featured_media":0,"parent":0,"menu_order":0,"comment_status":"closed","ping_status":"closed","template":"","meta":{"site-sidebar-layout":"no-sidebar","site-content-layout":"","ast-site-content-layout":"full-width-container","site-content-style":"default","site-sidebar-style":"default","ast-global-header-display":"","ast-banner-title-visibility":"","ast-main-header-display":"","ast-hfb-above-header-display":"","ast-hfb-below-header-display":"","ast-hfb-mobile-header-display":"","site-post-title":"disabled","ast-breadcrumbs-content":"","ast-featured-img":"disabled","footer-sml-layout":"","theme-transparent-header-meta":"","adv-header-id-meta":"","stick-header-meta":"","header-above-stick-meta":"","header-main-stick-meta":"","header-below-stick-meta":"","astra-migrate-meta-layouts":"default","ast-page-background-enabled":"default","ast-page-background-meta":{"desktop":{"background-color":"var(--ast-global-color-5)","background-image":"","background-repeat":"repeat","background-position":"center center","background-size":"auto","background-attachment":"scroll","background-type":"","background-media":"","overlay-type":"","overlay-color":"","overlay-opacity":"","overlay-gradient":""},"tablet":{"background-color":"","background-image":"","background-repeat":"repeat","background-position":"center center","background-size":"auto","background-attachment":"scroll","background-type":"","background-media":"","overlay-type":"","overlay-color":"","overlay-opacity":"","overlay-gradient":""},"mobile":{"background-color":"","background-image":"","background-repeat":"repeat","background-position":"center center","background-size":"auto","background-attachment":"scroll","background-type":"","background-media":"","overlay-type":"","overlay-color":"","overlay-opacity":"","overlay-gradient":""}},"ast-content-background-meta":{"desktop":{"background-color":"var(--ast-global-color-4)","background-image":"","background-repeat":"repeat","background-position":"center center","background-size":"auto","background-attachment":"scroll","background-type":"","background-media":"","overlay-type":"","overlay-color":"","overlay-opacity":"","overlay-gradient":""},"tablet":{"background-color":"var(--ast-global-color-4)","background-image":"","background-repeat":"repeat","background-position":"center center","background-size":"auto","background-attachment":"scroll","background-type":"","background-media":"","overlay-type":"","overlay-color":"","overlay-opacity":"","overlay-gradient":""},"mobile":{"background-color":"var(--ast-global-color-4)","background-image":"","background-repeat":"repeat","background-position":"center center","background-size":"auto","background-attachment":"scroll","background-type":"","background-media":"","overlay-type":"","overlay-color":"","overlay-opacity":"","overlay-gradient":""}},"_joinchat":[],"footnotes":""},"class_list":["post-631","page","type-page","status-publish","hentry"],"yoast_head":"<!-- This site is optimized with the Yoast SEO plugin v26.1.1 - https:\/\/yoast.com\/wordpress\/plugins\/seo\/ -->\n<title>Declaraci\u00f3 d&#039;accessibilitat - \u00d2ptica Vallpi Granollers<\/title>\n<meta name=\"robots\" content=\"index, follow, max-snippet:-1, max-image-preview:large, max-video-preview:-1\" \/>\n<link rel=\"canonical\" href=\"https:\/\/opticagranollers.com\/es\/declaracio-daccessibilitat\/\" \/>\n<meta property=\"og:locale\" content=\"es_ES\" \/>\n<meta property=\"og:type\" content=\"article\" \/>\n<meta property=\"og:title\" content=\"Declaraci\u00f3 d&#039;accessibilitat - \u00d2ptica Vallpi Granollers\" \/>\n<meta property=\"og:description\" content=\"LEGALS OPTICA VALLPI, SL es compromet a fer accessible el seu lloc web d&#8217;acord amb el Reial decret 1112\/2018, de [&hellip;]\" \/>\n<meta property=\"og:url\" content=\"https:\/\/opticagranollers.com\/es\/declaracio-daccessibilitat\/\" \/>\n<meta property=\"og:site_name\" content=\"\u00d2ptica Vallpi Granollers\" \/>\n<meta property=\"article:modified_time\" content=\"2025-10-08T12:52:53+00:00\" \/>\n<meta name=\"twitter:card\" content=\"summary_large_image\" \/>\n<meta name=\"twitter:label1\" content=\"Tiempo de lectura\" \/>\n\t<meta name=\"twitter:data1\" content=\"1 minuto\" \/>\n<script type=\"application\/ld+json\" class=\"yoast-schema-graph\">{\"@context\":\"https:\/\/schema.org\",\"@graph\":[{\"@type\":\"WebPage\",\"@id\":\"https:\/\/opticagranollers.com\/declaracio-daccessibilitat\/\",\"url\":\"https:\/\/opticagranollers.com\/declaracio-daccessibilitat\/\",\"name\":\"Declaraci\u00f3 d'accessibilitat - \u00d2ptica Vallpi Granollers\",\"isPartOf\":{\"@id\":\"https:\/\/opticagranollers.com\/#website\"},\"datePublished\":\"2025-06-26T20:40:09+00:00\",\"dateModified\":\"2025-10-08T12:52:53+00:00\",\"breadcrumb\":{\"@id\":\"https:\/\/opticagranollers.com\/declaracio-daccessibilitat\/#breadcrumb\"},\"inLanguage\":\"es\",\"potentialAction\":[{\"@type\":\"ReadAction\",\"target\":[\"https:\/\/opticagranollers.com\/declaracio-daccessibilitat\/\"]}]},{\"@type\":\"BreadcrumbList\",\"@id\":\"https:\/\/opticagranollers.com\/declaracio-daccessibilitat\/#breadcrumb\",\"itemListElement\":[{\"@type\":\"ListItem\",\"position\":1,\"name\":\"Portada\",\"item\":\"https:\/\/opticagranollers.com\/\"},{\"@type\":\"ListItem\",\"position\":2,\"name\":\"Declaraci\u00f3 d&#8217;accessibilitat\"}]},{\"@type\":\"WebSite\",\"@id\":\"https:\/\/opticagranollers.com\/#website\",\"url\":\"https:\/\/opticagranollers.com\/\",\"name\":\"\u00d2ptica Vallpi Granollers\",\"description\":\"Especialistes en Progressius\",\"publisher\":{\"@id\":\"https:\/\/opticagranollers.com\/#organization\"},\"potentialAction\":[{\"@type\":\"SearchAction\",\"target\":{\"@type\":\"EntryPoint\",\"urlTemplate\":\"https:\/\/opticagranollers.com\/?s={search_term_string}\"},\"query-input\":{\"@type\":\"PropertyValueSpecification\",\"valueRequired\":true,\"valueName\":\"search_term_string\"}}],\"inLanguage\":\"es\"},{\"@type\":\"Organization\",\"@id\":\"https:\/\/opticagranollers.com\/#organization\",\"name\":\"\u00d2ptica Vallpi Granollers\",\"url\":\"https:\/\/opticagranollers.com\/\",\"logo\":{\"@type\":\"ImageObject\",\"inLanguage\":\"es\",\"@id\":\"https:\/\/opticagranollers.com\/#\/schema\/logo\/image\/\",\"url\":\"https:\/\/opticagranollers.com\/wp-content\/uploads\/2025\/06\/cropped-optica-vallpi-logo.png\",\"contentUrl\":\"https:\/\/opticagranollers.com\/wp-content\/uploads\/2025\/06\/cropped-optica-vallpi-logo.png\",\"width\":452,\"height\":232,\"caption\":\"\u00d2ptica Vallpi Granollers\"},\"image\":{\"@id\":\"https:\/\/opticagranollers.com\/#\/schema\/logo\/image\/\"}}]}<\/script>\n<!-- \/ Yoast SEO plugin. -->","yoast_head_json":{"title":"Declaraci\u00f3 d'accessibilitat - \u00d2ptica Vallpi Granollers","robots":{"index":"index","follow":"follow","max-snippet":"max-snippet:-1","max-image-preview":"max-image-preview:large","max-video-preview":"max-video-preview:-1"},"canonical":"https:\/\/opticagranollers.com\/es\/declaracio-daccessibilitat\/","og_locale":"es_ES","og_type":"article","og_title":"Declaraci\u00f3 d'accessibilitat - \u00d2ptica Vallpi Granollers","og_description":"LEGALS OPTICA VALLPI, SL es compromet a fer accessible el seu lloc web d&#8217;acord amb el Reial decret 1112\/2018, de [&hellip;]","og_url":"https:\/\/opticagranollers.com\/es\/declaracio-daccessibilitat\/","og_site_name":"\u00d2ptica Vallpi Granollers","article_modified_time":"2025-10-08T12:52:53+00:00","twitter_card":"summary_large_image","twitter_misc":{"Tiempo de lectura":"1 minuto"},"schema":{"@context":"https:\/\/schema.org","@graph":[{"@type":"WebPage","@id":"https:\/\/opticagranollers.com\/declaracio-daccessibilitat\/","url":"https:\/\/opticagranollers.com\/declaracio-daccessibilitat\/","name":"Declaraci\u00f3 d'accessibilitat - \u00d2ptica Vallpi Granollers","isPartOf":{"@id":"https:\/\/opticagranollers.com\/#website"},"datePublished":"2025-06-26T20:40:09+00:00","dateModified":"2025-10-08T12:52:53+00:00","breadcrumb":{"@id":"https:\/\/opticagranollers.com\/declaracio-daccessibilitat\/#breadcrumb"},"inLanguage":"es","potentialAction":[{"@type":"ReadAction","target":["https:\/\/opticagranollers.com\/declaracio-daccessibilitat\/"]}]},{"@type":"BreadcrumbList","@id":"https:\/\/opticagranollers.com\/declaracio-daccessibilitat\/#breadcrumb","itemListElement":[{"@type":"ListItem","position":1,"name":"Portada","item":"https:\/\/opticagranollers.com\/"},{"@type":"ListItem","position":2,"name":"Declaraci\u00f3 d&#8217;accessibilitat"}]},{"@type":"WebSite","@id":"https:\/\/opticagranollers.com\/#website","url":"https:\/\/opticagranollers.com\/","name":"\u00d3ptica Vallpi Granollers","description":"Especialistas en Progresivos","publisher":{"@id":"https:\/\/opticagranollers.com\/#organization"},"potentialAction":[{"@type":"SearchAction","target":{"@type":"EntryPoint","urlTemplate":"https:\/\/opticagranollers.com\/?s={search_term_string}"},"query-input":{"@type":"PropertyValueSpecification","valueRequired":true,"valueName":"search_term_string"}}],"inLanguage":"es"},{"@type":"Organization","@id":"https:\/\/opticagranollers.com\/#organization","name":"\u00d3ptica Vallpi Granollers","url":"https:\/\/opticagranollers.com\/","logo":{"@type":"ImageObject","inLanguage":"es","@id":"https:\/\/opticagranollers.com\/#\/schema\/logo\/image\/","url":"https:\/\/opticagranollers.com\/wp-content\/uploads\/2025\/06\/cropped-optica-vallpi-logo.png","contentUrl":"https:\/\/opticagranollers.com\/wp-content\/uploads\/2025\/06\/cropped-optica-vallpi-logo.png","width":452,"height":232,"caption":"\u00d2ptica Vallpi Granollers"},"image":{"@id":"https:\/\/opticagranollers.com\/#\/schema\/logo\/image\/"}}]}},"_links":{"self":[{"href":"https:\/\/opticagranollers.com\/es\/wp-json\/wp\/v2\/pages\/631","targetHints":{"allow":["GET"]}}],"collection":[{"href":"https:\/\/opticagranollers.com\/es\/wp-json\/wp\/v2\/pages"}],"about":[{"href":"https:\/\/opticagranollers.com\/es\/wp-json\/wp\/v2\/types\/page"}],"author":[{"embeddable":true,"href":"https:\/\/opticagranollers.com\/es\/wp-json\/wp\/v2\/users\/1"}],"replies":[{"embeddable":true,"href":"https:\/\/opticagranollers.com\/es\/wp-json\/wp\/v2\/comments?post=631"}],"version-history":[{"count":10,"href":"https:\/\/opticagranollers.com\/es\/wp-json\/wp\/v2\/pages\/631\/revisions"}],"predecessor-version":[{"id":1710,"href":"https:\/\/opticagranollers.com\/es\/wp-json\/wp\/v2\/pages\/631\/revisions\/1710"}],"wp:attachment":[{"href":"https:\/\/opticagranollers.com\/es\/wp-json\/wp\/v2\/media?parent=631"}],"curies":[{"name":"wp","href":"https:\/\/api.w.org\/{rel}","templated":true}]}}