{"id":629,"date":"2025-06-26T20:39:45","date_gmt":"2025-06-26T20:39:45","guid":{"rendered":"https:\/\/opticagranollers.com\/?page_id=629"},"modified":"2025-10-08T14:51:45","modified_gmt":"2025-10-08T12:51:45","slug":"avis-legal","status":"publish","type":"page","link":"https:\/\/opticagranollers.com\/es\/avis-legal\/","title":{"rendered":"Aviso Legal"},"content":{"rendered":"<div data-elementor-type=\"wp-page\" data-elementor-id=\"629\" class=\"elementor elementor-629\" data-elementor-post-type=\"page\">\n\t\t\t\t<div class=\"elementor-element elementor-element-2ab394d e-flex e-con-boxed e-con e-parent\" data-id=\"2ab394d\" data-element_type=\"container\" data-settings=\"{&quot;background_background&quot;:&quot;classic&quot;}\">\n\t\t\t\t\t<div class=\"e-con-inner\">\n\t\t\t\t<div class=\"elementor-element elementor-element-ebddbf4 elementor-icon-list--layout-inline elementor-align-center elementor-widget-mobile__width-initial elementor-list-item-link-full_width de_scroll_animation_no elementor-invisible elementor-widget elementor-widget-icon-list\" data-id=\"ebddbf4\" data-element_type=\"widget\" data-settings=\"{&quot;_animation&quot;:&quot;fadeIn&quot;,&quot;_animation_delay&quot;:200}\" data-widget_type=\"icon-list.default\">\n\t\t\t\t<div class=\"elementor-widget-container\">\n\t\t\t\t\t\t\t<ul class=\"elementor-icon-list-items elementor-inline-items\">\n\t\t\t\t\t\t\t<li class=\"elementor-icon-list-item elementor-inline-item\">\n\t\t\t\t\t\t\t\t\t\t<span class=\"elementor-icon-list-text\">LEGALES<\/span>\n\t\t\t\t\t\t\t\t\t<\/li>\n\t\t\t\t\t\t\t\t<li class=\"elementor-icon-list-item elementor-inline-item\">\n\t\t\t\t\t\t\t\t\t\t\t<span class=\"elementor-icon-list-icon\">\n\t\t\t\t\t\t\t<svg aria-hidden=\"true\" class=\"e-font-icon-svg e-fas-square-full\" viewbox=\"0 0 512 512\" xmlns=\"http:\/\/www.w3.org\/2000\/svg\"><path d=\"M512 512H0V0h512v512z\"><\/path><\/svg>\t\t\t\t\t\t<\/span>\n\t\t\t\t\t\t\t\t\t\t<span class=\"elementor-icon-list-text\">Aviso Legal<\/span>\n\t\t\t\t\t\t\t\t\t<\/li>\n\t\t\t\t\t\t<\/ul>\n\t\t\t\t\t\t<\/div>\n\t\t\t\t<\/div>\n\t\t\t\t<div class=\"elementor-element elementor-element-5e056d3 de_scroll_animation_no elementor-invisible elementor-widget elementor-widget-heading\" data-id=\"5e056d3\" data-element_type=\"widget\" data-settings=\"{&quot;_animation&quot;:&quot;fadeIn&quot;}\" data-widget_type=\"heading.default\">\n\t\t\t\t<div class=\"elementor-widget-container\">\n\t\t\t\t\t<h1 class=\"elementor-heading-title elementor-size-default\">Aviso Legal<\/h1>\t\t\t\t<\/div>\n\t\t\t\t<\/div>\n\t\t\t\t\t<\/div>\n\t\t\t\t<\/div>\n\t\t<div class=\"elementor-element elementor-element-ccd8322 e-flex e-con-boxed e-con e-parent\" data-id=\"ccd8322\" data-element_type=\"container\">\n\t\t\t\t\t<div class=\"e-con-inner\">\n\t\t\t\t<div class=\"elementor-element elementor-element-7464744 de_scroll_animation_no elementor-widget elementor-widget-text-editor\" data-id=\"7464744\" data-element_type=\"widget\" data-widget_type=\"text-editor.default\">\n\t\t\t\t<div class=\"elementor-widget-container\">\n\t\t\t\t\t\t\t\t\t<p><strong><b>OPTICA VALLPI, SL<\/b>,<\/strong> con domicilio en Calle Joan Prim, 54 \u2013 08402 Granollers, y con NIF [NIF], es titular del sitio web <a href=\"https:\/\/www.opticagranollers.com\/es\/\" target=\"_blank\" rel=\"noopener\">https:\/\/www.opticagranollers.com\/es\/<\/a><\/p><p>El acceso y uso de este sitio web atribuye la condici\u00f3n de usuario, e implica la plena aceptaci\u00f3n de las condiciones aqu\u00ed expuestas.<\/p><p><strong>Propiedad intelectual:<\/strong><br \/>Todos los contenidos de este sitio web (textos, im\u00e1genes, logotipos, etc.) son propiedad del Titular o dispone de los derechos necesarios, quedando prohibida su reproducci\u00f3n sin autorizaci\u00f3n.<\/p><p><strong>Responsabilidad:<\/strong><br \/>El Titular no se responsabiliza de los da\u00f1os que puedan ocasionarse por el uso del sitio web o por el acceso a enlaces externos.<\/p><p><strong>Modificaciones:<\/strong><br \/>El Titular se reserva el derecho a modificar este aviso legal en cualquier momento.<\/p><p>Para cualquier consulta, puede contactar a <a href=\"mailto:info@opticagranollers.com\" target=\"_blank\" rel=\"noopener\"><span style=\"font-size: 16px;\">info@opticagranollers.com<\/span><\/a><\/p>\t\t\t\t\t\t\t\t<\/div>\n\t\t\t\t<\/div>\n\t\t\t\t\t<\/div>\n\t\t\t\t<\/div>\n\t\t\t\t<\/div>","protected":false},"excerpt":{"rendered":"<p>LEGALS OPTICA VALLPI, SL, amb domicili a Carrer Joan Prim, 54 \u2013 08402 Granollers, i amb NIF [NIF], \u00e9s titular [&hellip;]<\/p>","protected":false},"author":1,"featured_media":0,"parent":0,"menu_order":0,"comment_status":"closed","ping_status":"closed","template":"","meta":{"site-sidebar-layout":"no-sidebar","site-content-layout":"","ast-site-content-layout":"full-width-container","site-content-style":"default","site-sidebar-style":"default","ast-global-header-display":"","ast-banner-title-visibility":"","ast-main-header-display":"","ast-hfb-above-header-display":"","ast-hfb-below-header-display":"","ast-hfb-mobile-header-display":"","site-post-title":"disabled","ast-breadcrumbs-content":"","ast-featured-img":"disabled","footer-sml-layout":"","theme-transparent-header-meta":"","adv-header-id-meta":"","stick-header-meta":"","header-above-stick-meta":"","header-main-stick-meta":"","header-below-stick-meta":"","astra-migrate-meta-layouts":"default","ast-page-background-enabled":"default","ast-page-background-meta":{"desktop":{"background-color":"var(--ast-global-color-5)","background-image":"","background-repeat":"repeat","background-position":"center center","background-size":"auto","background-attachment":"scroll","background-type":"","background-media":"","overlay-type":"","overlay-color":"","overlay-opacity":"","overlay-gradient":""},"tablet":{"background-color":"","background-image":"","background-repeat":"repeat","background-position":"center center","background-size":"auto","background-attachment":"scroll","background-type":"","background-media":"","overlay-type":"","overlay-color":"","overlay-opacity":"","overlay-gradient":""},"mobile":{"background-color":"","background-image":"","background-repeat":"repeat","background-position":"center center","background-size":"auto","background-attachment":"scroll","background-type":"","background-media":"","overlay-type":"","overlay-color":"","overlay-opacity":"","overlay-gradient":""}},"ast-content-background-meta":{"desktop":{"background-color":"var(--ast-global-color-4)","background-image":"","background-repeat":"repeat","background-position":"center center","background-size":"auto","background-attachment":"scroll","background-type":"","background-media":"","overlay-type":"","overlay-color":"","overlay-opacity":"","overlay-gradient":""},"tablet":{"background-color":"var(--ast-global-color-4)","background-image":"","background-repeat":"repeat","background-position":"center center","background-size":"auto","background-attachment":"scroll","background-type":"","background-media":"","overlay-type":"","overlay-color":"","overlay-opacity":"","overlay-gradient":""},"mobile":{"background-color":"var(--ast-global-color-4)","background-image":"","background-repeat":"repeat","background-position":"center center","background-size":"auto","background-attachment":"scroll","background-type":"","background-media":"","overlay-type":"","overlay-color":"","overlay-opacity":"","overlay-gradient":""}},"_joinchat":[],"footnotes":""},"class_list":["post-629","page","type-page","status-publish","hentry"],"yoast_head":"<!-- This site is optimized with the Yoast SEO plugin v26.1.1 - https:\/\/yoast.com\/wordpress\/plugins\/seo\/ -->\n<title>Av\u00eds Legal - \u00d2ptica Vallpi Granollers<\/title>\n<meta name=\"robots\" content=\"index, follow, max-snippet:-1, max-image-preview:large, max-video-preview:-1\" \/>\n<link rel=\"canonical\" href=\"https:\/\/opticagranollers.com\/es\/avis-legal\/\" \/>\n<meta property=\"og:locale\" content=\"es_ES\" \/>\n<meta property=\"og:type\" content=\"article\" \/>\n<meta property=\"og:title\" content=\"Av\u00eds Legal - \u00d2ptica Vallpi Granollers\" \/>\n<meta property=\"og:description\" content=\"LEGALS OPTICA VALLPI, SL, amb domicili a Carrer Joan Prim, 54 \u2013 08402 Granollers, i amb NIF [NIF], \u00e9s titular [&hellip;]\" \/>\n<meta property=\"og:url\" content=\"https:\/\/opticagranollers.com\/es\/avis-legal\/\" \/>\n<meta property=\"og:site_name\" content=\"\u00d2ptica Vallpi Granollers\" \/>\n<meta property=\"article:modified_time\" content=\"2025-10-08T12:51:45+00:00\" \/>\n<meta name=\"twitter:card\" content=\"summary_large_image\" \/>\n<meta name=\"twitter:label1\" content=\"Tiempo de lectura\" \/>\n\t<meta name=\"twitter:data1\" content=\"1 minuto\" \/>\n<script type=\"application\/ld+json\" class=\"yoast-schema-graph\">{\"@context\":\"https:\/\/schema.org\",\"@graph\":[{\"@type\":\"WebPage\",\"@id\":\"https:\/\/opticagranollers.com\/avis-legal\/\",\"url\":\"https:\/\/opticagranollers.com\/avis-legal\/\",\"name\":\"Av\u00eds Legal - \u00d2ptica Vallpi Granollers\",\"isPartOf\":{\"@id\":\"https:\/\/opticagranollers.com\/#website\"},\"datePublished\":\"2025-06-26T20:39:45+00:00\",\"dateModified\":\"2025-10-08T12:51:45+00:00\",\"breadcrumb\":{\"@id\":\"https:\/\/opticagranollers.com\/avis-legal\/#breadcrumb\"},\"inLanguage\":\"es\",\"potentialAction\":[{\"@type\":\"ReadAction\",\"target\":[\"https:\/\/opticagranollers.com\/avis-legal\/\"]}]},{\"@type\":\"BreadcrumbList\",\"@id\":\"https:\/\/opticagranollers.com\/avis-legal\/#breadcrumb\",\"itemListElement\":[{\"@type\":\"ListItem\",\"position\":1,\"name\":\"Portada\",\"item\":\"https:\/\/opticagranollers.com\/\"},{\"@type\":\"ListItem\",\"position\":2,\"name\":\"Av\u00eds Legal\"}]},{\"@type\":\"WebSite\",\"@id\":\"https:\/\/opticagranollers.com\/#website\",\"url\":\"https:\/\/opticagranollers.com\/\",\"name\":\"\u00d2ptica Vallpi Granollers\",\"description\":\"Especialistes en Progressius\",\"publisher\":{\"@id\":\"https:\/\/opticagranollers.com\/#organization\"},\"potentialAction\":[{\"@type\":\"SearchAction\",\"target\":{\"@type\":\"EntryPoint\",\"urlTemplate\":\"https:\/\/opticagranollers.com\/?s={search_term_string}\"},\"query-input\":{\"@type\":\"PropertyValueSpecification\",\"valueRequired\":true,\"valueName\":\"search_term_string\"}}],\"inLanguage\":\"es\"},{\"@type\":\"Organization\",\"@id\":\"https:\/\/opticagranollers.com\/#organization\",\"name\":\"\u00d2ptica Vallpi Granollers\",\"url\":\"https:\/\/opticagranollers.com\/\",\"logo\":{\"@type\":\"ImageObject\",\"inLanguage\":\"es\",\"@id\":\"https:\/\/opticagranollers.com\/#\/schema\/logo\/image\/\",\"url\":\"https:\/\/opticagranollers.com\/wp-content\/uploads\/2025\/06\/cropped-optica-vallpi-logo.png\",\"contentUrl\":\"https:\/\/opticagranollers.com\/wp-content\/uploads\/2025\/06\/cropped-optica-vallpi-logo.png\",\"width\":452,\"height\":232,\"caption\":\"\u00d2ptica Vallpi Granollers\"},\"image\":{\"@id\":\"https:\/\/opticagranollers.com\/#\/schema\/logo\/image\/\"}}]}<\/script>\n<!-- \/ Yoast SEO plugin. -->","yoast_head_json":{"title":"Av\u00eds Legal - \u00d2ptica Vallpi Granollers","robots":{"index":"index","follow":"follow","max-snippet":"max-snippet:-1","max-image-preview":"max-image-preview:large","max-video-preview":"max-video-preview:-1"},"canonical":"https:\/\/opticagranollers.com\/es\/avis-legal\/","og_locale":"es_ES","og_type":"article","og_title":"Av\u00eds Legal - \u00d2ptica Vallpi Granollers","og_description":"LEGALS OPTICA VALLPI, SL, amb domicili a Carrer Joan Prim, 54 \u2013 08402 Granollers, i amb NIF [NIF], \u00e9s titular [&hellip;]","og_url":"https:\/\/opticagranollers.com\/es\/avis-legal\/","og_site_name":"\u00d2ptica Vallpi Granollers","article_modified_time":"2025-10-08T12:51:45+00:00","twitter_card":"summary_large_image","twitter_misc":{"Tiempo de lectura":"1 minuto"},"schema":{"@context":"https:\/\/schema.org","@graph":[{"@type":"WebPage","@id":"https:\/\/opticagranollers.com\/avis-legal\/","url":"https:\/\/opticagranollers.com\/avis-legal\/","name":"Av\u00eds Legal - \u00d2ptica Vallpi Granollers","isPartOf":{"@id":"https:\/\/opticagranollers.com\/#website"},"datePublished":"2025-06-26T20:39:45+00:00","dateModified":"2025-10-08T12:51:45+00:00","breadcrumb":{"@id":"https:\/\/opticagranollers.com\/avis-legal\/#breadcrumb"},"inLanguage":"es","potentialAction":[{"@type":"ReadAction","target":["https:\/\/opticagranollers.com\/avis-legal\/"]}]},{"@type":"BreadcrumbList","@id":"https:\/\/opticagranollers.com\/avis-legal\/#breadcrumb","itemListElement":[{"@type":"ListItem","position":1,"name":"Portada","item":"https:\/\/opticagranollers.com\/"},{"@type":"ListItem","position":2,"name":"Av\u00eds Legal"}]},{"@type":"WebSite","@id":"https:\/\/opticagranollers.com\/#website","url":"https:\/\/opticagranollers.com\/","name":"\u00d3ptica Vallpi Granollers","description":"Especialistas en Progresivos","publisher":{"@id":"https:\/\/opticagranollers.com\/#organization"},"potentialAction":[{"@type":"SearchAction","target":{"@type":"EntryPoint","urlTemplate":"https:\/\/opticagranollers.com\/?s={search_term_string}"},"query-input":{"@type":"PropertyValueSpecification","valueRequired":true,"valueName":"search_term_string"}}],"inLanguage":"es"},{"@type":"Organization","@id":"https:\/\/opticagranollers.com\/#organization","name":"\u00d3ptica Vallpi Granollers","url":"https:\/\/opticagranollers.com\/","logo":{"@type":"ImageObject","inLanguage":"es","@id":"https:\/\/opticagranollers.com\/#\/schema\/logo\/image\/","url":"https:\/\/opticagranollers.com\/wp-content\/uploads\/2025\/06\/cropped-optica-vallpi-logo.png","contentUrl":"https:\/\/opticagranollers.com\/wp-content\/uploads\/2025\/06\/cropped-optica-vallpi-logo.png","width":452,"height":232,"caption":"\u00d2ptica Vallpi Granollers"},"image":{"@id":"https:\/\/opticagranollers.com\/#\/schema\/logo\/image\/"}}]}},"_links":{"self":[{"href":"https:\/\/opticagranollers.com\/es\/wp-json\/wp\/v2\/pages\/629","targetHints":{"allow":["GET"]}}],"collection":[{"href":"https:\/\/opticagranollers.com\/es\/wp-json\/wp\/v2\/pages"}],"about":[{"href":"https:\/\/opticagranollers.com\/es\/wp-json\/wp\/v2\/types\/page"}],"author":[{"embeddable":true,"href":"https:\/\/opticagranollers.com\/es\/wp-json\/wp\/v2\/users\/1"}],"replies":[{"embeddable":true,"href":"https:\/\/opticagranollers.com\/es\/wp-json\/wp\/v2\/comments?post=629"}],"version-history":[{"count":16,"href":"https:\/\/opticagranollers.com\/es\/wp-json\/wp\/v2\/pages\/629\/revisions"}],"predecessor-version":[{"id":1707,"href":"https:\/\/opticagranollers.com\/es\/wp-json\/wp\/v2\/pages\/629\/revisions\/1707"}],"wp:attachment":[{"href":"https:\/\/opticagranollers.com\/es\/wp-json\/wp\/v2\/media?parent=629"}],"curies":[{"name":"wp","href":"https:\/\/api.w.org\/{rel}","templated":true}]}}